{"id":16,"date":"2012-01-13T12:53:24","date_gmt":"2012-01-13T12:53:24","guid":{"rendered":"https:\/\/2012.ponce.wordcamp.org\/?page_id=16"},"modified":"2012-03-08T16:57:11","modified_gmt":"2012-03-08T16:57:11","slug":"itinerario","status":"publish","type":"page","link":"https:\/\/ponce.wordcamp.org\/2012\/itinerario\/","title":{"rendered":"Itinerario"},"content":{"rendered":"<table class=\"schedule\" border=\"0\">\n<thead>\n<tr>\n<th>Time<\/th>\n<th>Anfiteatro<\/th>\n<th>Beginners Lab<\/th>\n<\/tr>\n<\/thead>\n<tbody>\n<tr>\n<th>9:00-10:00<\/th>\n<td class=\"widecell\" colspan=\"2\"><a href=\"https:\/\/2012.ponce.wordcamp.org\/conferenciantes\/#dr-mario-nunez-molina-digizen\">Dr. Mario N\u00fa\u00f1ez Molina<\/a><br \/>\nWordPress in Education<\/small><\/td>\n<\/tr>\n<tr class=\"alt\">\n<th>10:00-11:00<\/th>\n<td><a href=\"https:\/\/2012.ponce.wordcamp.org\/conferenciantes\/#james-lynn\">James Lyn<\/a><br \/>\nImprove your blog, layouts and more<\/td>\n<td><a href=\"https:\/\/2012.ponce.wordcamp.org\/conferenciantes\/#annelis-rivera-marquez\">Annelis Rivera Marqu\u00e9z<\/a> &#038; <a href=\"https:\/\/2012.ponce.wordcamp.org\/conferenciantes\/#gerardo-t-ortega-carrasquillo\">Gerardo T. Ortega Carrasquillo<\/a><br \/>\nThe difference between WordPress.com and WordPress.org. Start your blog on WordPress.com (Educators will create their blog). Computer Labs \u2013 hands on<\/td>\n<\/tr>\n<tr>\n<th>11:00-12:00<\/th>\n<td><a href=\"https:\/\/2012.ponce.wordcamp.org\/conferenciantes\/#ricardo-alcocer\">Ricardo Alcocer<\/a><br \/>\nHow to use WordPress.org? WordPress Plugins, and more<\/td>\n<td>(continued)<\/td>\n<\/tr>\n<tr class=\"alt special\">\n<th>12:00-1:00<\/th>\n<td class=\"widecell\" colspan=\"2\">Lunch<\/td>\n<\/tr>\n<tr>\n<th>1:00-2:00<\/th>\n<td class=\"widecell\" colspan=\"2\"><a href=\"https:\/\/2012.ponce.wordcamp.org\/conferenciantes\/#charo-henriquez-scaia\">Charo Henriquez<\/a><br \/>\nWordPress, SEO &amp; SMO for Educators<small>(Anfiteatro)<\/small><\/td>\n<\/tr>\n<tr class=\"alt\">\n<th>2:00-3:00<\/th>\n<td class=\"widecell\" colspan=\"2\">\nBuddy Press Social networking in a box<\/td>\n<\/tr>\n<\/tbody>\n<\/table>\n","protected":false},"excerpt":{"rendered":"<p>Time Anfiteatro Beginners Lab 9:00-10:00 Dr. Mario N\u00fa\u00f1ez Molina WordPress in Education 10:00-11:00 James Lyn Improve your blog, layouts and more Annelis Rivera Marqu\u00e9z &#038; Gerardo T. Ortega Carrasquillo The difference between WordPress.com and WordPress.org. Start your blog on WordPress.com &hellip; <a href=\"https:\/\/ponce.wordcamp.org\/2012\/itinerario\/\">Continue reading <span class=\"screen-reader-text\">Itinerario<\/span>  <span class=\"meta-nav\">&rarr;<\/span><\/a><\/p>\n","protected":false},"author":8689597,"featured_media":0,"parent":0,"menu_order":0,"comment_status":"open","ping_status":"open","template":"","meta":{"jetpack_post_was_ever_published":false,"footnotes":""},"class_list":["post-16","page","type-page","status-publish","hentry"],"jetpack_shortlink":"https:\/\/wp.me\/P26Vy2-g","jetpack_sharing_enabled":true,"_links":{"self":[{"href":"https:\/\/ponce.wordcamp.org\/2012\/wp-json\/wp\/v2\/pages\/16","targetHints":{"allow":["GET"]}}],"collection":[{"href":"https:\/\/ponce.wordcamp.org\/2012\/wp-json\/wp\/v2\/pages"}],"about":[{"href":"https:\/\/ponce.wordcamp.org\/2012\/wp-json\/wp\/v2\/types\/page"}],"author":[{"embeddable":true,"href":"https:\/\/ponce.wordcamp.org\/2012\/wp-json\/wp\/v2\/users\/8689597"}],"replies":[{"embeddable":true,"href":"https:\/\/ponce.wordcamp.org\/2012\/wp-json\/wp\/v2\/comments?post=16"}],"version-history":[{"count":11,"href":"https:\/\/ponce.wordcamp.org\/2012\/wp-json\/wp\/v2\/pages\/16\/revisions"}],"predecessor-version":[{"id":18,"href":"https:\/\/ponce.wordcamp.org\/2012\/wp-json\/wp\/v2\/pages\/16\/revisions\/18"}],"wp:attachment":[{"href":"https:\/\/ponce.wordcamp.org\/2012\/wp-json\/wp\/v2\/media?parent=16"}],"curies":[{"name":"wp","href":"https:\/\/api.w.org\/{rel}","templated":true}]}}