{"id":21,"date":"2012-01-13T13:00:20","date_gmt":"2012-01-13T13:00:20","guid":{"rendered":"https:\/\/2012.ponce.wordcamp.org\/?page_id=21"},"modified":"2012-11-06T12:46:05","modified_gmt":"2012-11-06T12:46:05","slug":"conferenciantes","status":"publish","type":"page","link":"https:\/\/ponce.wordcamp.org\/2012\/conferenciantes\/","title":{"rendered":"Conferenciantes"},"content":{"rendered":"\n\t\t<div class=\"cpt-loop speaker-gravatar-list clearfix\">\n\t\t\t<p>\n\t\t\t\t\t\t\t<a href='#annelis-rivera-marquez' title='Annelis Rivera M\u00e1rquez'><img alt='' src='https:\/\/secure.gravatar.com\/avatar\/df57693642b3f25071496edb9ec6109f399424fcd9f60affd768e7b79c4160aa?s=48&#038;d=mm&#038;r=pg' srcset='https:\/\/secure.gravatar.com\/avatar\/df57693642b3f25071496edb9ec6109f399424fcd9f60affd768e7b79c4160aa?s=96&#038;d=mm&#038;r=pg 2x' class='avatar avatar-48 photo' height='48' width='48' \/><\/a>\t\t\t\t\t\t\t<a href='#charo-henriquez-scaia' title='Charo Henr\u00edquez- Scaia'><img alt='' src='https:\/\/secure.gravatar.com\/avatar\/?s=48&#038;d=mm&#038;r=pg' srcset='https:\/\/secure.gravatar.com\/avatar\/?s=96&#038;d=mm&#038;r=pg 2x' class='avatar avatar-48 photo avatar-default' height='48' width='48' \/><\/a>\t\t\t\t\t\t\t<a href='#gerardo-t-ortega-carrasquillo' title='Gerardo T. Ortega Carrasquillo'><img alt='' src='https:\/\/secure.gravatar.com\/avatar\/6e6fddbeb8aa3519642ea1341ae472a4b5e5efd3d1efd5020cd726972716addb?s=48&#038;d=mm&#038;r=pg' srcset='https:\/\/secure.gravatar.com\/avatar\/6e6fddbeb8aa3519642ea1341ae472a4b5e5efd3d1efd5020cd726972716addb?s=96&#038;d=mm&#038;r=pg 2x' class='avatar avatar-48 photo' height='48' width='48' \/><\/a>\t\t\t\t\t\t\t<a href='#james-lynn' title='James Lynn'><img alt='' src='https:\/\/secure.gravatar.com\/avatar\/e4fc3e154c56e897cb4dd43855791423876710681cfc8cda3641a038812bd86c?s=48&#038;d=mm&#038;r=pg' srcset='https:\/\/secure.gravatar.com\/avatar\/e4fc3e154c56e897cb4dd43855791423876710681cfc8cda3641a038812bd86c?s=96&#038;d=mm&#038;r=pg 2x' class='avatar avatar-48 photo' height='48' width='48' \/><\/a>\t\t\t\t\t\t\t<a href='#dr-mario-nunez-molina-digizen' title='Mario N\u00fa\u00f1ez Molina'><img alt='' src='https:\/\/secure.gravatar.com\/avatar\/c05fcc037ad17a6bc57a4e8e3c1c5e0830bb936547fff886911e7d8b862a5ed3?s=48&#038;d=mm&#038;r=pg' srcset='https:\/\/secure.gravatar.com\/avatar\/c05fcc037ad17a6bc57a4e8e3c1c5e0830bb936547fff886911e7d8b862a5ed3?s=96&#038;d=mm&#038;r=pg 2x' class='avatar avatar-48 photo' height='48' width='48' \/><\/a>\t\t\t\t\t\t\t<a href='#ricardo-alcocer' title='Ricardo Alcocer'><img alt='' src='https:\/\/secure.gravatar.com\/avatar\/86a2e78c200d6d8fbce66e6a5a4fd5a7c05a6d929400ab83c450ca92e05b8316?s=48&#038;d=mm&#038;r=pg' srcset='https:\/\/secure.gravatar.com\/avatar\/86a2e78c200d6d8fbce66e6a5a4fd5a7c05a6d929400ab83c450ca92e05b8316?s=96&#038;d=mm&#038;r=pg 2x' class='avatar avatar-48 photo' height='48' width='48' \/><\/a>\t\t\t\t\t\t<\/p>\n\t\t<\/div>\n\n\t\t\t\t\n\t\t<div class=\"cpt-loop speakers\">\n\t\t\t<div class=\"grid_6 alpha\">\n\n\t\t\t\t\n\t\t\t\t\t\n\t\t\t\t\t<div id=\"annelis-rivera-marquez\" class=\"speaker clearfix odd post-80 wcb_speaker type-wcb_speaker status-publish hentry\" >\n\t\t\t\t\t\t<h3 class=\"entry-title speaker-name\">Annelis Rivera M\u00e1rquez<\/h3>\n\t\t\t\t\t\t<div class=\"entry-content speaker-bio\">\n\t\t\t\t\t\t<img alt='' src='https:\/\/secure.gravatar.com\/avatar\/df57693642b3f25071496edb9ec6109f399424fcd9f60affd768e7b79c4160aa?s=102&#038;d=mm&#038;r=pg' srcset='https:\/\/secure.gravatar.com\/avatar\/df57693642b3f25071496edb9ec6109f399424fcd9f60affd768e7b79c4160aa?s=204&#038;d=mm&#038;r=pg 2x' class='avatar avatar-102 photo' height='102' width='102' \/><p>La Profa. <strong>Annelis Rivera M\u00e1rquez<\/strong> posee una Maestr\u00eda en Tecnolog\u00eda Educativa. Colabora como <em>webcaster<\/em> en la radio web de \u201c<a href=\"http:\/\/puentesalmundo.net\/\" target=\"_blank\">Puentes al Mundo<\/a>\u201d dirigido a maestros en varios paises. Adem\u00e1s ofrece talleres de <em>podcasting<\/em> y de otras herramientas tecnol\u00f3gicas . Actualmente ejerce como Ayudante de la Rectora del Colegio Universitario de San Juan.<\/p>\n\t\t\t\t\t\t<\/div>\n\t\t\t\t\t<\/div>\n\t\t\t\t\n\t\t\t\t\t\n\t\t\t\t\t<div id=\"charo-henriquez-scaia\" class=\"speaker clearfix even post-88 wcb_speaker type-wcb_speaker status-publish hentry\" >\n\t\t\t\t\t\t<h3 class=\"entry-title speaker-name\">Charo Henr\u00edquez- Scaia<\/h3>\n\t\t\t\t\t\t<div class=\"entry-content speaker-bio\">\n\t\t\t\t\t\t<img alt='' src='https:\/\/secure.gravatar.com\/avatar\/?s=102&#038;d=mm&#038;r=pg' srcset='https:\/\/secure.gravatar.com\/avatar\/?s=204&#038;d=mm&#038;r=pg 2x' class='avatar avatar-102 photo avatar-default' height='102' width='102' \/><p><strong>Charo Henr\u00edquez- Scaia<\/strong>, es Editora de Multimedios y <em>Social Media Strategist<\/em> con m\u00e1s de 11 a\u00f1os de experiencia trabajando en las principales publicaciones de medios en Internet en Puerto Rico<\/p>\n\t\t\t\t\t\t<\/div>\n\t\t\t\t\t<\/div>\n\t\t\t\t\n\t\t\t\t\t\n\t\t\t\t\t<div id=\"gerardo-t-ortega-carrasquillo\" class=\"speaker clearfix odd post-82 wcb_speaker type-wcb_speaker status-publish hentry\" >\n\t\t\t\t\t\t<h3 class=\"entry-title speaker-name\">Gerardo T. Ortega Carrasquillo<\/h3>\n\t\t\t\t\t\t<div class=\"entry-content speaker-bio\">\n\t\t\t\t\t\t<img alt='' src='https:\/\/secure.gravatar.com\/avatar\/6e6fddbeb8aa3519642ea1341ae472a4b5e5efd3d1efd5020cd726972716addb?s=102&#038;d=mm&#038;r=pg' srcset='https:\/\/secure.gravatar.com\/avatar\/6e6fddbeb8aa3519642ea1341ae472a4b5e5efd3d1efd5020cd726972716addb?s=204&#038;d=mm&#038;r=pg 2x' class='avatar avatar-102 photo' height='102' width='102' \/><p><strong>Gerardo T. Ortega Carrasquillo<\/strong> es consultor de sistemas, tecnolog\u00eda y redes, y es profesor de computadoras en algunas instituciones universitarias reconocidas de Puerto Rico. Trabaja con WordPress desde hace un a\u00f1o y ha ofrecido diversos talleres de blogs, herramientas de la Web 2.0, entre otras tecnolog\u00edas emergentes. Tiene una maestr\u00eda en Auditor\u00eda de Sistemas de Informaci\u00f3n de la Universidad del Sagrado Coraz\u00f3n.<\/p>\n\t\t\t\t\t\t<\/div>\n\t\t\t\t\t<\/div>\n\t\t\t\t\n\t\t\t\t\t\n\t\t\t\t\t<div id=\"james-lynn\" class=\"speaker clearfix even post-86 wcb_speaker type-wcb_speaker status-publish hentry\" >\n\t\t\t\t\t\t<h3 class=\"entry-title speaker-name\">James Lynn<\/h3>\n\t\t\t\t\t\t<div class=\"entry-content speaker-bio\">\n\t\t\t\t\t\t<img alt='' src='https:\/\/secure.gravatar.com\/avatar\/e4fc3e154c56e897cb4dd43855791423876710681cfc8cda3641a038812bd86c?s=102&#038;d=mm&#038;r=pg' srcset='https:\/\/secure.gravatar.com\/avatar\/e4fc3e154c56e897cb4dd43855791423876710681cfc8cda3641a038812bd86c?s=204&#038;d=mm&#038;r=pg 2x' class='avatar avatar-102 photo' height='102' width='102' \/><p><strong>James Lynn<\/strong> es profesor en la <a href=\"http:\/\/dise\u00f1o.ut.pr\/\">Escuela Internacional de Dise\u00f1o de la Universidad del Turabo<\/a>, es dise\u00f1ador gr\u00e1fico, animador de 3D, fot\u00f3grafo, vide\u00f3grafo, artista multimedia y de los pioneros en el desarrollo de sitios web en Puerto Rico. Utiliza WordPress dede 2007. Participa activamente de organizaciones relacionadas a la industria de la tecnolog\u00eda incluyendo la RedEducapr, Internet Society y el Interactive Advertising Bureau, entre otras.<\/p>\n\t\t\t\t\t\t<\/div>\n\t\t\t\t\t<\/div>\n\t\t\t\t\n\t\t\t\t\t<\/div><div class=\"grid_6 omega\">\n\t\t\t\t\t<div id=\"dr-mario-nunez-molina-digizen\" class=\"speaker clearfix odd post-78 wcb_speaker type-wcb_speaker status-publish hentry\" >\n\t\t\t\t\t\t<h3 class=\"entry-title speaker-name\">Mario N\u00fa\u00f1ez Molina<\/h3>\n\t\t\t\t\t\t<div class=\"entry-content speaker-bio\">\n\t\t\t\t\t\t<img alt='' src='https:\/\/secure.gravatar.com\/avatar\/c05fcc037ad17a6bc57a4e8e3c1c5e0830bb936547fff886911e7d8b862a5ed3?s=102&#038;d=mm&#038;r=pg' srcset='https:\/\/secure.gravatar.com\/avatar\/c05fcc037ad17a6bc57a4e8e3c1c5e0830bb936547fff886911e7d8b862a5ed3?s=204&#038;d=mm&#038;r=pg 2x' class='avatar avatar-102 photo' height='102' width='102' \/><p>El <strong>Dr. Mario N\u00fa\u00f1ez Molina<\/strong> tiene un doctorado de la Universidad de Harvard en \u201cCounseling and Consulting Psychology\u201d. Trabaja en el Departamento de Ciencias de la Universidad de Puerto Rico en Mayag\u00fcez desde el 1987. Desde el a\u00f1o 1998 ha dirigido sus esfuerzos en explorar formas efectivas para la integraci\u00f3n de la tecnolog\u00eda a los procesos de ense\u00f1anza-aprendizaje. En el a\u00f1o 2000 fund\u00f3 el Centro de Ense\u00f1anza Complementada por Internet afiliado al Departamento de Ciencias Sociales del RUM con el prop\u00f3sito de adiestrar a la Facultad en las tecnolog\u00edas de la Internet. Cre\u00f3 y fue editor por varios a\u00f1os de la Revista Hermes, publicaci\u00f3n electr\u00f3nica dirigida a la publicaci\u00f3n de art\u00edculos en torno a la ense\u00f1anza en l\u00ednea. Trabaj\u00f3 como decano asociado de aval\u00fao y tecnolog\u00edas de aprendizaje del 2003 al 2008 en el Colegio de Artes y Ciencias. Fue editor y creador de la primera revista de aval\u00fao del aprendizaje en Puerto Rico: Aval\u00fao Plus.<\/p>\n\t\t\t\t\t\t<\/div>\n\t\t\t\t\t<\/div>\n\t\t\t\t\n\t\t\t\t\t\n\t\t\t\t\t<div id=\"ricardo-alcocer\" class=\"speaker clearfix even post-84 wcb_speaker type-wcb_speaker status-publish hentry\" >\n\t\t\t\t\t\t<h3 class=\"entry-title speaker-name\">Ricardo Alcocer<\/h3>\n\t\t\t\t\t\t<div class=\"entry-content speaker-bio\">\n\t\t\t\t\t\t<img alt='' src='https:\/\/secure.gravatar.com\/avatar\/86a2e78c200d6d8fbce66e6a5a4fd5a7c05a6d929400ab83c450ca92e05b8316?s=102&#038;d=mm&#038;r=pg' srcset='https:\/\/secure.gravatar.com\/avatar\/86a2e78c200d6d8fbce66e6a5a4fd5a7c05a6d929400ab83c450ca92e05b8316?s=204&#038;d=mm&#038;r=pg 2x' class='avatar avatar-102 photo' height='102' width='102' \/><p><strong>Ricardo Alcocer<\/strong> es fundador de <a href=\"http:\/\/tecnologialibre.com\" target=\"_blank\">Tecnolog\u00eda Libre<\/a>, director de INTELICA y co-fundador de <a href=\"http:\/\/gettainoapp.com\" target=\"_blank\">TainoApp<\/a>. Trabaja con WordPress desde el 2006 y es profesor de PHP y MySQL en <a href=\"http:\/\/intelica.tecnologialibre.com\/es\" target=\"_blank\">INTELICA<\/a> y la <a href=\"http:\/\/www.pupr.edu\/\" target=\"_blank\">Universidad Polit\u00e9cnica de Puerto Rico<\/a><\/p>\n\t\t\t\t\t\t<\/div>\n\t\t\t\t\t<\/div>\n\t\t\t\t\n\t\t\t<\/div>\n\t\t<\/div>\n\n\t\t\n","protected":false},"excerpt":{"rendered":"","protected":false},"author":8689597,"featured_media":0,"parent":0,"menu_order":0,"comment_status":"open","ping_status":"closed","template":"template-full-width.php","meta":{"jetpack_post_was_ever_published":false,"footnotes":""},"class_list":["post-21","page","type-page","status-publish","hentry"],"jetpack_shortlink":"https:\/\/wp.me\/P26Vy2-l","jetpack_sharing_enabled":true,"_links":{"self":[{"href":"https:\/\/ponce.wordcamp.org\/2012\/wp-json\/wp\/v2\/pages\/21","targetHints":{"allow":["GET"]}}],"collection":[{"href":"https:\/\/ponce.wordcamp.org\/2012\/wp-json\/wp\/v2\/pages"}],"about":[{"href":"https:\/\/ponce.wordcamp.org\/2012\/wp-json\/wp\/v2\/types\/page"}],"author":[{"embeddable":true,"href":"https:\/\/ponce.wordcamp.org\/2012\/wp-json\/wp\/v2\/users\/8689597"}],"replies":[{"embeddable":true,"href":"https:\/\/ponce.wordcamp.org\/2012\/wp-json\/wp\/v2\/comments?post=21"}],"version-history":[{"count":7,"href":"https:\/\/ponce.wordcamp.org\/2012\/wp-json\/wp\/v2\/pages\/21\/revisions"}],"predecessor-version":[{"id":254,"href":"https:\/\/ponce.wordcamp.org\/2012\/wp-json\/wp\/v2\/pages\/21\/revisions\/254"}],"wp:attachment":[{"href":"https:\/\/ponce.wordcamp.org\/2012\/wp-json\/wp\/v2\/media?parent=21"}],"curies":[{"name":"wp","href":"https:\/\/api.w.org\/{rel}","templated":true}]}}